{"id":2,"date":"2019-06-05T20:01:48","date_gmt":"2019-06-05T20:01:48","guid":{"rendered":"https:\/\/freecitybuild.felixbartsch.eu\/?page_id=2"},"modified":"2020-01-11T14:02:40","modified_gmt":"2020-01-11T14:02:40","slug":"sample-page","status":"publish","type":"page","link":"https:\/\/freecitybuild.de\/","title":{"rendered":"Erlebe Citybuild wie nie zuvor!"},"content":{"rendered":"\n<p><\/p>\n\n\n\n<div class=\"wp-block-group\"><div class=\"wp-block-group__inner-container is-layout-flow wp-block-group-is-layout-flow\">\n<figure class=\"wp-block-image size-large\"><img loading=\"lazy\" decoding=\"async\" width=\"1024\" height=\"75\" src=\"https:\/\/freecitybuild.de\/wp-content\/uploads\/2020\/01\/Betatester-Supporter-g-1024x75.png\" alt=\"\" class=\"wp-image-67\" srcset=\"https:\/\/freecitybuild.de\/wp-content\/uploads\/2020\/01\/Betatester-Supporter-g-1024x75.png 1024w, https:\/\/freecitybuild.de\/wp-content\/uploads\/2020\/01\/Betatester-Supporter-g-300x22.png 300w, https:\/\/freecitybuild.de\/wp-content\/uploads\/2020\/01\/Betatester-Supporter-g-768x56.png 768w, https:\/\/freecitybuild.de\/wp-content\/uploads\/2020\/01\/Betatester-Supporter-g-1536x113.png 1536w, https:\/\/freecitybuild.de\/wp-content\/uploads\/2020\/01\/Betatester-Supporter-g-600x44.png 600w, https:\/\/freecitybuild.de\/wp-content\/uploads\/2020\/01\/Betatester-Supporter-g.png 1961w\" sizes=\"auto, (max-width: 1024px) 100vw, 1024px\" \/><\/figure>\n<\/div><\/div>\n\n\n\n<hr class=\"wp-block-separator\"\/>\n\n\n\n<h2 class=\"wp-block-heading\">Entdecke Minecraft-Gaming neu<\/h2>\n\n\n\n<p>Auf den freecitybuild.de Servern landest du in einer Umgebung, wie Sie realistischer nicht sein k\u00f6nnte. Kaufe Grundst\u00fccke oder miete Gesch\u00e4ftsr\u00e4ume, erwirtschafte Geld und baue Dir Dein Imperium als Loftvermieter auf. <em>(&#8230;oder zocke gem\u00fctlich ein paar Runden einarmiger Bandit im Casino \ud83d\ude09 )<\/em><\/p>\n\n\n\n<p>Einfach im in der Java-Version von Minecraft <strong>1.14<\/strong> den Mehrspielermodus aufrufen und unsere Serveradresse <strong>play.freecitybuild.de<\/strong> anlegen. Los gehts! PS: Eventuell ben\u00f6tigte Ressourcen werden automatisch heruntergeladen. F\u00fcr ein gr\u00f6\u00dferes Spielerlebnis empfehlen wir Texturepacks wie FlowsHD oder ModernHD.<\/p>\n\n\n\n<h3 class=\"wp-block-heading\">Aktuelle FCB-Welten:<\/h3>\n\n\n\n<ul class=\"wp-block-list\"><li>Akaziana (Plot) &#8211; live<\/li><li>Beaconia (Plot) &#8211; live<\/li><li>Clayton (Plot) &#8211; coming soon<\/li><li>Diamondo &#8211; coming soon<\/li><li>Farmcity (Lobby\/ Handel) &#8211; live<\/li><li>Mine (Farm) &#8211; live<\/li><li>Woodland (Farm) &#8211; live<\/li><li>Dungeon &#8211; live<\/li><li>Hauptstadt (Plot\/ Handel) &#8211; coming soon<\/li><li>Baumhaus (Mainlobby) &#8211; live<\/li><\/ul>\n\n\n\n<p><\/p>\n\n\n\n<p><\/p>\n\n\n\n<hr class=\"wp-block-separator\"\/>\n\n\n\n<p><strong>Plotwelten Akaziana, Beaconia, Clayton,&#8230;<\/strong><\/p>\n\n\n\n<p>Die klassische Plotwelt inklusive Farm- und Netherwelt. Hol Dir deine Grundst\u00fccke und lege los! Ressourcen findest du in der Farmwelt, oder in Adventurefarmen wie z.B. der Mine oder Woodland oder durch geschicktes Handeln mit anderen Spielern!<\/p>\n\n\n\n<hr class=\"wp-block-separator\"\/>\n\n\n\n<p><strong>Plotwelt Hauptstadt<\/strong><\/p>\n\n\n\n<p>Citylife pur! Baue Wolkenkratzer in der City oder farme gem\u00fctlich im urbanen Viertel! Handel erw\u00fcnscht!<\/p>\n\n\n\n<hr class=\"wp-block-separator\"\/>\n\n\n\n<p><strong>Dungeon<\/strong><\/p>\n\n\n\n<p>Bereit f\u00fcr neue Aufgaben? Schlage dich mit K\u00f6pfchen und Gl\u00fcck durchs Dungeon und erhalte Gems, Awards und Items.<\/p>\n\n\n\n<hr class=\"wp-block-separator\"\/>\n\n\n\n<div class=\"wp-block-button aligncenter is-style-fill\"><a class=\"wp-block-button__link has-background has-vivid-green-cyan-background-color\" href=\"https:\/\/www.minecraft.net\/de-de\/download\/\"><strong>Minecraft-Download<\/strong><\/a><\/div>\n","protected":false},"excerpt":{"rendered":"<p>Entdecke Minecraft-Gaming neu Auf den freecitybuild.de Servern landest du in einer Umgebung, wie Sie realistischer nicht sein k\u00f6nnte. Kaufe Grundst\u00fccke oder miete Gesch\u00e4ftsr\u00e4ume, erwirtschafte Geld und baue Dir Dein Imperium als Loftvermieter auf. (&#8230;oder zocke gem\u00fctlich ein paar Runden einarmiger Bandit im Casino \ud83d\ude09 ) Einfach im in der Java-Version von Minecraft 1.14 den Mehrspielermodus [&#8230;]<\/p>\n<p><a class=\"btn btn-success skycraft-read-more-link\" href=\"https:\/\/freecitybuild.de\/\">Weiterlesen&#8230;<\/a><\/p>\n","protected":false},"author":1,"featured_media":0,"parent":0,"menu_order":0,"comment_status":"closed","ping_status":"open","template":"","meta":{"footnotes":""},"class_list":["post-2","page","type-page","status-publish","hentry"],"_links":{"self":[{"href":"https:\/\/freecitybuild.de\/index.php\/wp-json\/wp\/v2\/pages\/2","targetHints":{"allow":["GET"]}}],"collection":[{"href":"https:\/\/freecitybuild.de\/index.php\/wp-json\/wp\/v2\/pages"}],"about":[{"href":"https:\/\/freecitybuild.de\/index.php\/wp-json\/wp\/v2\/types\/page"}],"author":[{"embeddable":true,"href":"https:\/\/freecitybuild.de\/index.php\/wp-json\/wp\/v2\/users\/1"}],"replies":[{"embeddable":true,"href":"https:\/\/freecitybuild.de\/index.php\/wp-json\/wp\/v2\/comments?post=2"}],"version-history":[{"count":27,"href":"https:\/\/freecitybuild.de\/index.php\/wp-json\/wp\/v2\/pages\/2\/revisions"}],"predecessor-version":[{"id":121,"href":"https:\/\/freecitybuild.de\/index.php\/wp-json\/wp\/v2\/pages\/2\/revisions\/121"}],"wp:attachment":[{"href":"https:\/\/freecitybuild.de\/index.php\/wp-json\/wp\/v2\/media?parent=2"}],"curies":[{"name":"wp","href":"https:\/\/api.w.org\/{rel}","templated":true}]}}